{"id":1432,"date":"2024-12-19T16:30:03","date_gmt":"2024-12-19T15:30:03","guid":{"rendered":"https:\/\/tapandsmile.de\/?page_id=1432"},"modified":"2026-04-11T15:57:17","modified_gmt":"2026-04-11T13:57:17","slug":"willkommen","status":"publish","type":"page","link":"https:\/\/tapandsmile.de\/","title":{"rendered":"Willkommen"},"content":{"rendered":"\n<p class=\"has-text-align-center has-text-color\" style=\"color:#f4ac4d;padding-top:0;padding-right:var(--wp--preset--spacing--20);padding-bottom:0;padding-left:var(--wp--preset--spacing--20);font-size:46px\">Willkommen bei Tap &amp; Smile<\/p>\n\n\n\n<div class=\"wp-block-columns is-layout-flex wp-container-core-columns-is-layout-53642b31 wp-block-columns-is-layout-flex\" style=\"padding-top:0;padding-right:0;padding-bottom:0;padding-left:0\">\n<div class=\"wp-block-column has-text-color has-background has-link-color wp-elements-14b9615888f678124fc014cf132acde5 is-layout-flow wp-block-column-is-layout-flow\" style=\"color:#fbf6f6;background-color:#c46200;padding-top:3em;padding-right:3em;padding-bottom:3em;padding-left:3em;flex-basis:130%\">\n<p class=\"has-text-align-center has-extra-large-font-size\"><strong>Aktuelles<\/strong><\/p>\n\n\n\n<div class=\"wp-block-fv-player-gutenberg-basic\"><div id=\"wpfp_00199966ec20b597c32435dae25753f0\" data-item=\"{&quot;sources&quot;:[{&quot;src&quot;:&quot;https:\\\/\\\/tapandsmile.de\\\/wp-content\\\/uploads\\\/2026\\\/04\\\/LaDaDee.mp4&quot;,&quot;type&quot;:&quot;video\\\/mp4&quot;}],&quot;id&quot;:&quot;29&quot;,&quot;splash&quot;:&quot;https:\\\/\\\/tapandsmile.de\\\/wp-content\\\/uploads\\\/2021\\\/08\\\/cropped-\\u00a9foto_wrba_2021_3977-scaled-2.jpg&quot;}\" class=\"flowplayer no-brand is-splash is-paused skin-slim no-svg fp-slim fp-edgy\" data-fv-embed=\"https:\/\/tapandsmile.de\/?fv_player_embed=fvp-29\" style=\"position:relative; max-width: 640px; max-height: 480px; \" data-ratio=\"0.75\">\n\t<div class=\"fp-ratio\" style=\"padding-top: 75%\"><\/div>\n\t<img decoding=\"async\" class=\"fp-splash\" alt=\"video\" src=\"https:\/\/tapandsmile.de\/wp-content\/uploads\/2021\/08\/cropped-\u00a9foto_wrba_2021_3977-scaled-2.jpg\" style=\"position:absolute;top:0;width:100%\" \/>\n\t<div class=\"fp-ui\"><noscript>Please enable JavaScript<\/noscript><div class=\"fp-play fp-visible\"><svg class=\"fp-play-sharp-fill\" xmlns=\"http:\/\/www.w3.org\/2000\/svg\" viewBox=\"0 0 100 100\"><defs><style>.fp-color-play{opacity:0.65;}.controlbutton{fill:#fff;}<\/style><\/defs><title>play-sharp-fill<\/title><path class=\"fp-color-play\" d=\"M49.9217-.078a50,50,0,1,0,50,50A50.0564,50.0564,0,0,0,49.9217-.078Z\"\/><polygon class=\"controlbutton\" points=\"73.601 50 37.968 70.573 37.968 29.427 73.601 50\" filter=\"url(#f1)\"\/><\/svg><\/div><div class=\"fp-preload\"><b><\/b><b><\/b><b><\/b><b><\/b><\/div><\/div>\n<div class='fvp-share-bar'><div><a class=\"sharing-link\" href=\"https:\/\/tapandsmile.de\/\" target=\"_blank\">Link<\/a><\/div><div><label><a class=\"embed-code-toggle\" href=\"#\"><strong>Embed<\/strong><\/a><\/label><\/div><div class=\"embed-code\"><label>Copy and paste this HTML code into your webpage to embed.<\/label><textarea><\/textarea><\/div><\/div>\n<\/div>\n<\/div>\n\n\n\n<p class=\"has-text-align-center\"><em>Video Clogging La Da Dee &#8211; Annette M\u00fctze<\/em><\/p>\n\n\n\n<p class=\"has-text-align-right has-small-font-size\">11.04.2026<\/p>\n\n\n\n<hr class=\"wp-block-separator has-text-color has-css-opacity has-background is-style-wide\" style=\"background-color:#000000;color:#000000\"\/>\n\n\n\n<p>Es finden aktuell keine Stepptanz- und <br>Cloggingkurse statt.<\/p>\n\n\n\n<p>Bei Interesse k\u00f6nnen Sie sich gerne \u00fcber unser Kontaktformular an uns wenden.<\/p>\n\n\n\n<p class=\"has-text-align-right has-small-font-size\">16.03.2026<\/p>\n\n\n\n<hr class=\"wp-block-separator has-text-color has-css-opacity has-background is-style-wide\" style=\"background-color:#000000;color:#000000\"\/>\n<\/div>\n<\/div>\n\n\n\n<p class=\"has-text-align-center has-text-color\" style=\"color:#f4ac4d\"><\/p>\n\n\n\n<div class=\"wp-block-columns is-layout-flex wp-container-core-columns-is-layout-9d6595d7 wp-block-columns-is-layout-flex\">\n<div class=\"wp-block-column is-layout-flow wp-block-column-is-layout-flow\">\n<figure class=\"wp-block-image size-large is-style-rounded\"><img loading=\"lazy\" decoding=\"async\" width=\"1024\" height=\"1024\" src=\"https:\/\/tapandsmile.de\/wp-content\/uploads\/2021\/09\/tn_2021_5108-1024x1024.png\" alt=\"\" class=\"wp-image-287\" srcset=\"https:\/\/tapandsmile.de\/wp-content\/uploads\/2021\/09\/tn_2021_5108-1024x1024.png 1024w, https:\/\/tapandsmile.de\/wp-content\/uploads\/2021\/09\/tn_2021_5108-300x300.png 300w, https:\/\/tapandsmile.de\/wp-content\/uploads\/2021\/09\/tn_2021_5108-150x150.png 150w, https:\/\/tapandsmile.de\/wp-content\/uploads\/2021\/09\/tn_2021_5108-768x768.png 768w, https:\/\/tapandsmile.de\/wp-content\/uploads\/2021\/09\/tn_2021_5108.png 1500w\" sizes=\"auto, (max-width: 1024px) 100vw, 1024px\" \/><\/figure>\n<\/div>\n\n\n\n<div class=\"wp-block-column is-layout-flow wp-block-column-is-layout-flow\">\n<figure class=\"wp-block-image size-large is-style-rounded\"><img loading=\"lazy\" decoding=\"async\" width=\"1024\" height=\"1024\" src=\"https:\/\/tapandsmile.de\/wp-content\/uploads\/2021\/09\/tn_2021_3977-1024x1024.png\" alt=\"\" class=\"wp-image-285\" srcset=\"https:\/\/tapandsmile.de\/wp-content\/uploads\/2021\/09\/tn_2021_3977-1024x1024.png 1024w, https:\/\/tapandsmile.de\/wp-content\/uploads\/2021\/09\/tn_2021_3977-300x300.png 300w, https:\/\/tapandsmile.de\/wp-content\/uploads\/2021\/09\/tn_2021_3977-150x150.png 150w, https:\/\/tapandsmile.de\/wp-content\/uploads\/2021\/09\/tn_2021_3977-768x768.png 768w, https:\/\/tapandsmile.de\/wp-content\/uploads\/2021\/09\/tn_2021_3977.png 1500w\" sizes=\"auto, (max-width: 1024px) 100vw, 1024px\" \/><\/figure>\n<\/div>\n\n\n\n<div class=\"wp-block-column is-layout-flow wp-block-column-is-layout-flow\">\n<figure class=\"wp-block-image size-large is-style-rounded\"><img loading=\"lazy\" decoding=\"async\" width=\"1024\" height=\"1024\" src=\"https:\/\/tapandsmile.de\/wp-content\/uploads\/2021\/09\/tn_2021_3993-1024x1024.png\" alt=\"\" class=\"wp-image-286\" srcset=\"https:\/\/tapandsmile.de\/wp-content\/uploads\/2021\/09\/tn_2021_3993-1024x1024.png 1024w, https:\/\/tapandsmile.de\/wp-content\/uploads\/2021\/09\/tn_2021_3993-300x300.png 300w, https:\/\/tapandsmile.de\/wp-content\/uploads\/2021\/09\/tn_2021_3993-150x150.png 150w, https:\/\/tapandsmile.de\/wp-content\/uploads\/2021\/09\/tn_2021_3993-768x768.png 768w, https:\/\/tapandsmile.de\/wp-content\/uploads\/2021\/09\/tn_2021_3993.png 1500w\" sizes=\"auto, (max-width: 1024px) 100vw, 1024px\" \/><\/figure>\n<\/div>\n<\/div>\n\n\n\n<hr class=\"wp-block-separator has-text-color has-css-opacity has-background\" style=\"background-color:#f4ac4d;color:#f4ac4d\"\/>\n\n\n\n<div class=\"wp-block-columns is-layout-flex wp-container-core-columns-is-layout-9d6595d7 wp-block-columns-is-layout-flex\">\n<div class=\"wp-block-column is-layout-flow wp-block-column-is-layout-flow\">\n<figure class=\"wp-block-image size-large is-style-rounded\"><img loading=\"lazy\" decoding=\"async\" width=\"1024\" height=\"683\" src=\"https:\/\/tapandsmile.de\/wp-content\/uploads\/2021\/07\/OM7C6383-1024x683.jpg\" alt=\"\" class=\"wp-image-73\" srcset=\"https:\/\/tapandsmile.de\/wp-content\/uploads\/2021\/07\/OM7C6383-1024x683.jpg 1024w, https:\/\/tapandsmile.de\/wp-content\/uploads\/2021\/07\/OM7C6383-300x200.jpg 300w, https:\/\/tapandsmile.de\/wp-content\/uploads\/2021\/07\/OM7C6383-768x512.jpg 768w, https:\/\/tapandsmile.de\/wp-content\/uploads\/2021\/07\/OM7C6383-1536x1024.jpg 1536w, https:\/\/tapandsmile.de\/wp-content\/uploads\/2021\/07\/OM7C6383-2048x1365.jpg 2048w\" sizes=\"auto, (max-width: 1024px) 100vw, 1024px\" \/><\/figure>\n\n\n\n<figure class=\"wp-block-image size-full is-style-rounded\"><img loading=\"lazy\" decoding=\"async\" width=\"1707\" height=\"2560\" src=\"https:\/\/tapandsmile.de\/wp-content\/uploads\/2021\/08\/\u00a9foto_wrba_2021_5171-scaled.jpg\" alt=\"\" class=\"wp-image-87\"\/><\/figure>\n<\/div>\n\n\n\n<div class=\"wp-block-column is-layout-flow wp-block-column-is-layout-flow\">\n<figure class=\"wp-block-image size-large is-style-rounded\"><img loading=\"lazy\" decoding=\"async\" width=\"681\" height=\"1024\" src=\"https:\/\/tapandsmile.de\/wp-content\/uploads\/2021\/08\/\u00a9foto_wrba_2021_5140-681x1024.jpg\" alt=\"\" class=\"wp-image-85\" srcset=\"https:\/\/tapandsmile.de\/wp-content\/uploads\/2021\/08\/\u00a9foto_wrba_2021_5140-681x1024.jpg 681w, https:\/\/tapandsmile.de\/wp-content\/uploads\/2021\/08\/\u00a9foto_wrba_2021_5140-200x300.jpg 200w, https:\/\/tapandsmile.de\/wp-content\/uploads\/2021\/08\/\u00a9foto_wrba_2021_5140-768x1154.jpg 768w, https:\/\/tapandsmile.de\/wp-content\/uploads\/2021\/08\/\u00a9foto_wrba_2021_5140-1022x1536.jpg 1022w, https:\/\/tapandsmile.de\/wp-content\/uploads\/2021\/08\/\u00a9foto_wrba_2021_5140-1363x2048.jpg 1363w, https:\/\/tapandsmile.de\/wp-content\/uploads\/2021\/08\/\u00a9foto_wrba_2021_5140-scaled.jpg 1703w\" sizes=\"auto, (max-width: 681px) 100vw, 681px\" \/><\/figure>\n<\/div>\n\n\n\n<div class=\"wp-block-column is-layout-flow wp-block-column-is-layout-flow\">\n<figure class=\"wp-block-image alignwide size-large is-style-rounded\"><img loading=\"lazy\" decoding=\"async\" width=\"1024\" height=\"683\" src=\"https:\/\/tapandsmile.de\/wp-content\/uploads\/2021\/08\/\u00a9foto_wrba_2021_4010-1024x683.jpg\" alt=\"\" class=\"wp-image-81\" srcset=\"https:\/\/tapandsmile.de\/wp-content\/uploads\/2021\/08\/\u00a9foto_wrba_2021_4010-1024x683.jpg 1024w, https:\/\/tapandsmile.de\/wp-content\/uploads\/2021\/08\/\u00a9foto_wrba_2021_4010-300x200.jpg 300w, https:\/\/tapandsmile.de\/wp-content\/uploads\/2021\/08\/\u00a9foto_wrba_2021_4010-768x512.jpg 768w, https:\/\/tapandsmile.de\/wp-content\/uploads\/2021\/08\/\u00a9foto_wrba_2021_4010-1536x1024.jpg 1536w, https:\/\/tapandsmile.de\/wp-content\/uploads\/2021\/08\/\u00a9foto_wrba_2021_4010-2048x1365.jpg 2048w\" sizes=\"auto, (max-width: 1024px) 100vw, 1024px\" \/><\/figure>\n\n\n\n<figure class=\"wp-block-image size-large is-style-rounded\"><img loading=\"lazy\" decoding=\"async\" width=\"683\" height=\"1024\" src=\"https:\/\/tapandsmile.de\/wp-content\/uploads\/2021\/09\/\u00a9foto_wrba_2021_5211-683x1024.jpg\" alt=\"\" class=\"wp-image-309\" srcset=\"https:\/\/tapandsmile.de\/wp-content\/uploads\/2021\/09\/\u00a9foto_wrba_2021_5211-683x1024.jpg 683w, https:\/\/tapandsmile.de\/wp-content\/uploads\/2021\/09\/\u00a9foto_wrba_2021_5211-200x300.jpg 200w, https:\/\/tapandsmile.de\/wp-content\/uploads\/2021\/09\/\u00a9foto_wrba_2021_5211-768x1152.jpg 768w, https:\/\/tapandsmile.de\/wp-content\/uploads\/2021\/09\/\u00a9foto_wrba_2021_5211-1024x1536.jpg 1024w, https:\/\/tapandsmile.de\/wp-content\/uploads\/2021\/09\/\u00a9foto_wrba_2021_5211-1365x2048.jpg 1365w, https:\/\/tapandsmile.de\/wp-content\/uploads\/2021\/09\/\u00a9foto_wrba_2021_5211-1568x2352.jpg 1568w, https:\/\/tapandsmile.de\/wp-content\/uploads\/2021\/09\/\u00a9foto_wrba_2021_5211-scaled.jpg 1707w\" sizes=\"auto, (max-width: 683px) 100vw, 683px\" \/><\/figure>\n<\/div>\n<\/div>\n","protected":false},"excerpt":{"rendered":"<p>Willkommen bei Tap &amp; Smile Aktuelles Video Clogging La Da Dee &#8211; Annette M\u00fctze 11.04.2026 Es finden aktuell keine Stepptanz- und Cloggingkurse statt. Bei Interesse k\u00f6nnen Sie sich gerne \u00fcber unser Kontaktformular an uns wenden. 16.03.2026<\/p>\n","protected":false},"author":1,"featured_media":0,"parent":0,"menu_order":0,"comment_status":"closed","ping_status":"closed","template":"","meta":{"ngg_post_thumbnail":0,"footnotes":""},"class_list":["post-1432","page","type-page","status-publish","hentry","entry"],"_links":{"self":[{"href":"https:\/\/tapandsmile.de\/index.php?rest_route=\/wp\/v2\/pages\/1432","targetHints":{"allow":["GET"]}}],"collection":[{"href":"https:\/\/tapandsmile.de\/index.php?rest_route=\/wp\/v2\/pages"}],"about":[{"href":"https:\/\/tapandsmile.de\/index.php?rest_route=\/wp\/v2\/types\/page"}],"author":[{"embeddable":true,"href":"https:\/\/tapandsmile.de\/index.php?rest_route=\/wp\/v2\/users\/1"}],"replies":[{"embeddable":true,"href":"https:\/\/tapandsmile.de\/index.php?rest_route=%2Fwp%2Fv2%2Fcomments&post=1432"}],"version-history":[{"count":32,"href":"https:\/\/tapandsmile.de\/index.php?rest_route=\/wp\/v2\/pages\/1432\/revisions"}],"predecessor-version":[{"id":1946,"href":"https:\/\/tapandsmile.de\/index.php?rest_route=\/wp\/v2\/pages\/1432\/revisions\/1946"}],"wp:attachment":[{"href":"https:\/\/tapandsmile.de\/index.php?rest_route=%2Fwp%2Fv2%2Fmedia&parent=1432"}],"curies":[{"name":"wp","href":"https:\/\/api.w.org\/{rel}","templated":true}]}}