{"id":25,"date":"2021-07-03T15:29:11","date_gmt":"2021-07-03T13:29:11","guid":{"rendered":"http:\/\/tapandsmile.de\/?page_id=25"},"modified":"2025-01-06T09:54:24","modified_gmt":"2025-01-06T08:54:24","slug":"about","status":"publish","type":"page","link":"https:\/\/tapandsmile.de\/?page_id=25","title":{"rendered":"Das sind wir"},"content":{"rendered":"\n<div class=\"wp-block-columns is-layout-flex wp-container-core-columns-is-layout-9d6595d7 wp-block-columns-is-layout-flex\">\n<div class=\"wp-block-column is-layout-flow wp-block-column-is-layout-flow\" style=\"flex-basis:33.33%\">\n<figure class=\"wp-block-image size-large is-resized\"><img loading=\"lazy\" decoding=\"async\" width=\"1024\" height=\"1024\" src=\"https:\/\/tapandsmile.de\/wp-content\/uploads\/2021\/08\/\u00a9foto_wrba_2021_5108-1024x1024.jpg\" alt=\"\" class=\"wp-image-84\" style=\"width:210px;height:210px\" srcset=\"https:\/\/tapandsmile.de\/wp-content\/uploads\/2021\/08\/\u00a9foto_wrba_2021_5108-1024x1024.jpg 1024w, https:\/\/tapandsmile.de\/wp-content\/uploads\/2021\/08\/\u00a9foto_wrba_2021_5108-300x300.jpg 300w, https:\/\/tapandsmile.de\/wp-content\/uploads\/2021\/08\/\u00a9foto_wrba_2021_5108-150x150.jpg 150w, https:\/\/tapandsmile.de\/wp-content\/uploads\/2021\/08\/\u00a9foto_wrba_2021_5108-768x768.jpg 768w, https:\/\/tapandsmile.de\/wp-content\/uploads\/2021\/08\/\u00a9foto_wrba_2021_5108-1536x1536.jpg 1536w, https:\/\/tapandsmile.de\/wp-content\/uploads\/2021\/08\/\u00a9foto_wrba_2021_5108-2048x2048.jpg 2048w\" sizes=\"auto, (max-width: 1024px) 100vw, 1024px\" \/><figcaption class=\"wp-element-caption\"> <span style=\"color:#f4ac4d\" class=\"has-inline-color\">Annette M\u00fctze <\/span><br><span style=\"color:#f4ac4d\" class=\"has-inline-color\">und <\/span><br><span style=\"color:#f4ac4d\" class=\"has-inline-color\">Michael Niebler<\/span>  <\/figcaption><\/figure>\n<\/div>\n\n\n\n<div class=\"wp-block-column is-layout-flow wp-block-column-is-layout-flow\" style=\"flex-basis:66.66%\">\n<h3 class=\"wp-block-heading has-text-align-left\"><strong><span style=\"color:#f4ac4d\" class=\"has-inline-color\">Das Duo Tap &amp; Smile<\/span><\/strong><\/h3>\n\n\n\n<h5 class=\"wp-block-heading has-text-align-left\"><mark style=\"background-color:rgba(0, 0, 0, 0);color:#f4ac4d\" class=\"has-inline-color\">&#8222;Das Besondere an Tap &amp; Smile ist ihre nat\u00fcrliche Ausstrahlung und die Begeisterung, die sie mit dem Stepptanz verbindet. <\/mark><br><mark style=\"background-color:rgba(0, 0, 0, 0);color:#f4ac4d\" class=\"has-inline-color\">Dies sieht man auch in der Art ihres Unterrichtes!&#8220; <\/mark><br><br><mark style=\"background-color:rgba(0, 0, 0, 0);color:#f4ac4d\" class=\"has-inline-color\"> <\/mark> <\/h5>\n\n\n\n<p><\/p>\n<\/div>\n<\/div>\n\n\n\n<p><mark style=\"background-color:rgba(0, 0, 0, 0);color:#f4ac4d\" class=\"has-inline-color\">Seit \u00fcber 20 Jahren teilen wir die Begeisterung f\u00fcr Stepptanz und Clogging. Bei vielen nationalen Wettk\u00e4mpfen konnten wir unser K\u00f6nnen erfolgreich pr\u00e4sentieren.<\/mark><br><mark style=\"background-color:rgba(0, 0, 0, 0);color:#f4ac4d\" class=\"has-inline-color\">Mit den Meisterschaftsformationen gab es auch internationale Erfolge in Portugal, Jersey, Polen und \u00d6sterreich.<\/mark><\/p>\n\n\n\n<p><mark style=\"background-color:rgba(0, 0, 0, 0);color:#f4ac4d\" class=\"has-inline-color\">Seit Juli 2024 leben und unterrichten wir im Allg\u00e4u. <\/mark><\/p>\n\n\n\n<p><\/p>\n","protected":false},"excerpt":{"rendered":"<p>Das Duo Tap &amp; Smile &#8222;Das Besondere an Tap &amp; Smile ist ihre nat\u00fcrliche Ausstrahlung und die Begeisterung, die sie mit dem Stepptanz verbindet. Dies sieht man auch in der Art ihres Unterrichtes!&#8220; Seit \u00fcber 20 Jahren teilen wir die Begeisterung f\u00fcr Stepptanz und Clogging. Bei vielen nationalen Wettk\u00e4mpfen konnten wir unser K\u00f6nnen erfolgreich pr\u00e4sentieren.Mit&hellip; <a class=\"more-link\" href=\"https:\/\/tapandsmile.de\/?page_id=25\"><span class=\"screen-reader-text\">Das sind wir<\/span> weiterlesen<\/a><\/p>\n","protected":false},"author":1,"featured_media":0,"parent":0,"menu_order":0,"comment_status":"closed","ping_status":"closed","template":"","meta":{"ngg_post_thumbnail":0,"footnotes":""},"class_list":["post-25","page","type-page","status-publish","hentry","entry"],"_links":{"self":[{"href":"https:\/\/tapandsmile.de\/index.php?rest_route=\/wp\/v2\/pages\/25","targetHints":{"allow":["GET"]}}],"collection":[{"href":"https:\/\/tapandsmile.de\/index.php?rest_route=\/wp\/v2\/pages"}],"about":[{"href":"https:\/\/tapandsmile.de\/index.php?rest_route=\/wp\/v2\/types\/page"}],"author":[{"embeddable":true,"href":"https:\/\/tapandsmile.de\/index.php?rest_route=\/wp\/v2\/users\/1"}],"replies":[{"embeddable":true,"href":"https:\/\/tapandsmile.de\/index.php?rest_route=%2Fwp%2Fv2%2Fcomments&post=25"}],"version-history":[{"count":16,"href":"https:\/\/tapandsmile.de\/index.php?rest_route=\/wp\/v2\/pages\/25\/revisions"}],"predecessor-version":[{"id":1464,"href":"https:\/\/tapandsmile.de\/index.php?rest_route=\/wp\/v2\/pages\/25\/revisions\/1464"}],"wp:attachment":[{"href":"https:\/\/tapandsmile.de\/index.php?rest_route=%2Fwp%2Fv2%2Fmedia&parent=25"}],"curies":[{"name":"wp","href":"https:\/\/api.w.org\/{rel}","templated":true}]}}