{"id":65,"date":"2021-07-14T15:08:54","date_gmt":"2021-07-14T13:08:54","guid":{"rendered":"http:\/\/tapandsmile.de\/?page_id=65"},"modified":"2024-12-25T16:07:07","modified_gmt":"2024-12-25T15:07:07","slug":"impressum","status":"publish","type":"page","link":"https:\/\/tapandsmile.de\/?page_id=65","title":{"rendered":"Impressum"},"content":{"rendered":"\n<h2 class=\"wp-block-heading\">Angaben gem\u00e4\u00df \u00a7 5 TMG:<\/h2>\n\n\n\n<p><br>Michael Niebler<\/p>\n\n\n\n<h3 class=\"wp-block-heading\">Postanschrift:<\/h3>\n\n\n\n<p>Gr\u00fcntenstr. 22<br>86854 Amberg<\/p>\n\n\n\n<h3 class=\"wp-block-heading\">Kontakt:<\/h3>\n\n\n\n<p>Telefon:<br>E-Mail: info ( at ) tapandsmile.de<\/p>\n\n\n\n<h2 class=\"wp-block-heading\">Hinweise zur Website<\/h2>\n\n\n\n<h3 class=\"wp-block-heading\">Urheberrechtliche Hinweise<\/h3>\n\n\n\n<p>Michael Niebler und Annette M\u00fctze<br>Gr\u00fcntenstr. 22<br>86854 Amberg<\/p>\n\n\n\n<h3 class=\"wp-block-heading\">Fotografie<\/h3>\n\n\n\n<p>Monika Wrba<br>Fotografie und Rahmen<br>Gr\u00fcnwalder Weg 20, 82008 Unterhaching<\/p>\n\n\n\n<p>Annika Thom\u00dfen<br>KnipsWerk Leer<br>Garrelsstra\u00dfe 20, 26789 Leer<\/p>\n\n\n\n<p>Michael Niebler<br>Gr\u00fcntenstr. 22, 86854 Amberg<\/p>\n","protected":false},"excerpt":{"rendered":"<p>Angaben gem\u00e4\u00df \u00a7 5 TMG: Michael Niebler Postanschrift: Gr\u00fcntenstr. 2286854 Amberg Kontakt: Telefon:E-Mail: info ( at ) tapandsmile.de Hinweise zur Website Urheberrechtliche Hinweise Michael Niebler und Annette M\u00fctzeGr\u00fcntenstr. 2286854 Amberg Fotografie Monika WrbaFotografie und RahmenGr\u00fcnwalder Weg 20, 82008 Unterhaching Annika Thom\u00dfenKnipsWerk LeerGarrelsstra\u00dfe 20, 26789 Leer Michael NieblerGr\u00fcntenstr. 22, 86854 Amberg<\/p>\n","protected":false},"author":1,"featured_media":0,"parent":0,"menu_order":0,"comment_status":"closed","ping_status":"closed","template":"","meta":{"ngg_post_thumbnail":0,"footnotes":""},"class_list":["post-65","page","type-page","status-publish","hentry","entry"],"_links":{"self":[{"href":"https:\/\/tapandsmile.de\/index.php?rest_route=\/wp\/v2\/pages\/65","targetHints":{"allow":["GET"]}}],"collection":[{"href":"https:\/\/tapandsmile.de\/index.php?rest_route=\/wp\/v2\/pages"}],"about":[{"href":"https:\/\/tapandsmile.de\/index.php?rest_route=\/wp\/v2\/types\/page"}],"author":[{"embeddable":true,"href":"https:\/\/tapandsmile.de\/index.php?rest_route=\/wp\/v2\/users\/1"}],"replies":[{"embeddable":true,"href":"https:\/\/tapandsmile.de\/index.php?rest_route=%2Fwp%2Fv2%2Fcomments&post=65"}],"version-history":[{"count":6,"href":"https:\/\/tapandsmile.de\/index.php?rest_route=\/wp\/v2\/pages\/65\/revisions"}],"predecessor-version":[{"id":1451,"href":"https:\/\/tapandsmile.de\/index.php?rest_route=\/wp\/v2\/pages\/65\/revisions\/1451"}],"wp:attachment":[{"href":"https:\/\/tapandsmile.de\/index.php?rest_route=%2Fwp%2Fv2%2Fmedia&parent=65"}],"curies":[{"name":"wp","href":"https:\/\/api.w.org\/{rel}","templated":true}]}}